{"id":454,"date":"2022-05-24T20:48:02","date_gmt":"2022-05-24T20:48:02","guid":{"rendered":"http:\/\/igcitsolution.com\/?page_id=454"},"modified":"2022-05-24T21:07:06","modified_gmt":"2022-05-24T21:07:06","slug":"rack-lift","status":"publish","type":"page","link":"https:\/\/igcitsolution.com\/en\/rack-lift\/","title":{"rendered":"Rack Lift"},"content":{"rendered":"<div data-elementor-type=\"wp-page\" data-elementor-id=\"454\" class=\"elementor elementor-454\">\n\t\t\t\t\t\t<section class=\"elementor-section elementor-top-section elementor-element elementor-element-5f7449c elementor-section-full_width elementor-section-stretched elementor-section-height-default elementor-section-height-default\" data-id=\"5f7449c\" data-element_type=\"section\" id=\"about\" data-settings=\"{&quot;background_background&quot;:&quot;classic&quot;,&quot;stretch_section&quot;:&quot;section-stretched&quot;}\">\n\t\t\t\t\t\t\t<div class=\"elementor-background-overlay\"><\/div>\n\t\t\t\t\t\t\t<div class=\"elementor-container elementor-column-gap-no\">\n\t\t\t\t\t<div class=\"elementor-column elementor-col-100 elementor-top-column elementor-element elementor-element-35c083ac\" data-id=\"35c083ac\" data-element_type=\"column\">\n\t\t\t<div class=\"elementor-widget-wrap elementor-element-populated\">\n\t\t\t\t\t\t<div class=\"elementor-element elementor-element-110cff7 elementor-widget elementor-widget-image\" data-id=\"110cff7\" data-element_type=\"widget\" data-widget_type=\"image.default\">\n\t\t\t\t<div class=\"elementor-widget-container\">\n\t\t\t\t\t\t\t\t\t\t\t\t\t\t\t<img decoding=\"async\" src=\"https:\/\/igcitsolution.com\/wp-content\/uploads\/elementor\/thumbs\/logo_racklift-ppaycjyuebqom5cliyk4ayid46fstm4o25i9tav01s.png\" title=\"logo_racklift\" alt=\"logo_racklift\" loading=\"lazy\" \/>\t\t\t\t\t\t\t\t\t\t\t\t\t\t\t<\/div>\n\t\t\t\t<\/div>\n\t\t\t\t<section class=\"elementor-section elementor-inner-section elementor-element elementor-element-14fe5a81 elementor-section-boxed elementor-section-height-default elementor-section-height-default\" data-id=\"14fe5a81\" data-element_type=\"section\">\n\t\t\t\t\t\t<div class=\"elementor-container elementor-column-gap-default\">\n\t\t\t\t\t<div class=\"elementor-column elementor-col-100 elementor-inner-column elementor-element elementor-element-718d4a1a\" data-id=\"718d4a1a\" data-element_type=\"column\">\n\t\t\t<div class=\"elementor-widget-wrap elementor-element-populated\">\n\t\t\t\t\t\t<div class=\"elementor-element elementor-element-190085dc text-center elementor-widget elementor-widget-advanced-text-block\" data-id=\"190085dc\" data-element_type=\"widget\" data-widget_type=\"advanced-text-block.default\">\n\t\t\t\t<div class=\"elementor-widget-container\">\n\t\t\t\t\t<div class=\"futurio_extra_adv_text_block animate-general\"  data-animate-type=\"transition.fadeIn\" data-animate-delay=\"50\"><h2 class=\"text-content-block\"><p>ELEVADORES PARA RACKS<\/p><\/div><\/h2>\t\t\t\t<\/div>\n\t\t\t\t<\/div>\n\t\t\t\t<div class=\"elementor-element elementor-element-29ce96ca elementor-widget elementor-widget-writing-effect-headline\" data-id=\"29ce96ca\" data-element_type=\"widget\" data-widget_type=\"writing-effect-headline.default\">\n\t\t\t\t<div class=\"elementor-widget-container\">\n\t\t\t\t\t        <h3 class=\"futurio-extra-written-headline\" data-speed=\"110\" data-delay=\"2500\" data-loop=\"1\">\r\n        \r\n                    <span class=\"written-lines\">MOVILIZA DE MANERA\nSEGURA TUS ACTIVOS<\/span>\r\n        \r\n                <\/h3>\r\n        \t\t\t\t<\/div>\n\t\t\t\t<\/div>\n\t\t\t\t\t<\/div>\n\t\t<\/div>\n\t\t\t\t\t<\/div>\n\t\t<\/section>\n\t\t\t\t<section class=\"elementor-section elementor-inner-section elementor-element elementor-element-51f9c7d7 elementor-section-boxed elementor-section-height-default elementor-section-height-default\" data-id=\"51f9c7d7\" data-element_type=\"section\">\n\t\t\t\t\t\t<div class=\"elementor-container elementor-column-gap-no\">\n\t\t\t\t\t<div class=\"elementor-column elementor-col-100 elementor-inner-column elementor-element elementor-element-3f8eb96f\" data-id=\"3f8eb96f\" data-element_type=\"column\">\n\t\t\t<div class=\"elementor-widget-wrap elementor-element-populated\">\n\t\t\t\t\t\t<div class=\"elementor-element elementor-element-5b90be9b text-center elementor-widget elementor-widget-advanced-text-block\" data-id=\"5b90be9b\" data-element_type=\"widget\" data-widget_type=\"advanced-text-block.default\">\n\t\t\t\t<div class=\"elementor-widget-container\">\n\t\t\t\t\t<div class=\"futurio_extra_adv_text_block\" ><div class=\"text-content-block\"><p>Reduce el riesgo\u00a0 \u2022\u00a0 Mejora la Productividad\u00a0 \u2022\u00a0 Menor costo\u00a0<\/p><\/div><\/div>\t\t\t\t<\/div>\n\t\t\t\t<\/div>\n\t\t\t\t\t<\/div>\n\t\t<\/div>\n\t\t\t\t\t<\/div>\n\t\t<\/section>\n\t\t\t\t\t<\/div>\n\t\t<\/div>\n\t\t\t\t\t<\/div>\n\t\t<\/section>\n\t\t\t\t<section class=\"elementor-section elementor-top-section elementor-element elementor-element-1435d6f5 elementor-section-content-middle elementor-section-boxed elementor-section-height-default elementor-section-height-default\" data-id=\"1435d6f5\" data-element_type=\"section\">\n\t\t\t\t\t\t<div class=\"elementor-container elementor-column-gap-no\">\n\t\t\t\t\t<div class=\"elementor-column elementor-col-50 elementor-top-column elementor-element elementor-element-3ad1ac67\" data-id=\"3ad1ac67\" data-element_type=\"column\">\n\t\t\t<div class=\"elementor-widget-wrap elementor-element-populated\">\n\t\t\t\t\t\t<div class=\"elementor-element elementor-element-2bcdb7e elementor-widget elementor-widget-video\" data-id=\"2bcdb7e\" data-element_type=\"widget\" data-settings=\"{&quot;youtube_url&quot;:&quot;https:\\\/\\\/www.youtube.com\\\/watch?v=c_tyudNrpuw&quot;,&quot;autoplay&quot;:&quot;yes&quot;,&quot;play_on_mobile&quot;:&quot;yes&quot;,&quot;mute&quot;:&quot;yes&quot;,&quot;video_type&quot;:&quot;youtube&quot;,&quot;controls&quot;:&quot;yes&quot;}\" data-widget_type=\"video.default\">\n\t\t\t\t<div class=\"elementor-widget-container\">\n\t\t\t\t\t\t\t<div class=\"elementor-wrapper elementor-open-inline\">\n\t\t\t<div class=\"elementor-video\"><\/div>\t\t<\/div>\n\t\t\t\t\t\t<\/div>\n\t\t\t\t<\/div>\n\t\t\t\t\t<\/div>\n\t\t<\/div>\n\t\t\t\t<div class=\"elementor-column elementor-col-50 elementor-top-column elementor-element elementor-element-53f361c3\" data-id=\"53f361c3\" data-element_type=\"column\">\n\t\t\t<div class=\"elementor-widget-wrap elementor-element-populated\">\n\t\t\t\t\t\t<div class=\"elementor-element elementor-element-4ae4a355 elementor-widget elementor-widget-heading\" data-id=\"4ae4a355\" data-element_type=\"widget\" data-widget_type=\"heading.default\">\n\t\t\t\t<div class=\"elementor-widget-container\">\n\t\t\t\t\t<h4 class=\"elementor-heading-title elementor-size-default\">Deslice el servidor en el lugar<\/h4>\t\t\t\t<\/div>\n\t\t\t\t<\/div>\n\t\t\t\t<div class=\"elementor-element elementor-element-3ab748df elementor-widget elementor-widget-text-editor\" data-id=\"3ab748df\" data-element_type=\"widget\" data-widget_type=\"text-editor.default\">\n\t\t\t\t<div class=\"elementor-widget-container\">\n\t\t\t\t\t\t\t\t\t<p>Fabricamos equipos de elevaci\u00f3n de interruptores para instalar dispositivos pesados en gabinetes.\u00a0<\/p><p><span style=\"letter-spacing: 0px;\">Tambi\u00e9n construimos transportadores de racks de servidores para reubicar gabinetes completamente cargados.<\/span><\/p><p>Nuestros productos hacen que trabajar en su centro de datos sea m\u00e1s seguro, r\u00e1pido y f\u00e1cil.<\/p><p><strong><em>RackLIFT es una inversi\u00f3n en seguridad y eficiencia en el lugar de trabajo.<\/em><\/strong><\/p>\t\t\t\t\t\t\t\t<\/div>\n\t\t\t\t<\/div>\n\t\t\t\t\t<\/div>\n\t\t<\/div>\n\t\t\t\t\t<\/div>\n\t\t<\/section>\n\t\t\t\t<section class=\"elementor-section elementor-top-section elementor-element elementor-element-434950b3 elementor-section-content-middle elementor-section-stretched elementor-section-boxed elementor-section-height-default elementor-section-height-default\" data-id=\"434950b3\" data-element_type=\"section\" data-settings=\"{&quot;stretch_section&quot;:&quot;section-stretched&quot;}\">\n\t\t\t\t\t\t\t<div class=\"elementor-background-overlay\"><\/div>\n\t\t\t\t\t\t\t<div class=\"elementor-container elementor-column-gap-no\">\n\t\t\t\t\t<div class=\"elementor-column elementor-col-50 elementor-top-column elementor-element elementor-element-d5a3d89\" data-id=\"d5a3d89\" data-element_type=\"column\">\n\t\t\t<div class=\"elementor-widget-wrap elementor-element-populated\">\n\t\t\t\t\t\t<div class=\"elementor-element elementor-element-4f7c57f elementor-widget elementor-widget-text-editor\" data-id=\"4f7c57f\" data-element_type=\"widget\" data-widget_type=\"text-editor.default\">\n\t\t\t\t<div class=\"elementor-widget-container\">\n\t\t\t\t\t\t\t\t\t<p>Algunos centros de datos a\u00fan abordan el levantamiento de un dispositivo mediante la eliminaci\u00f3n de piezas pesadas como fuentes de alimentaci\u00f3n y todo lo que se desenrosca para aligerar la carga para el levantamiento manual. Luego, cuatro t\u00e9cnicos luchan con el dispositivo para colocarlo en su lugar.<\/p><p><span style=\"color: #284d85;\"><em><strong>\u00abS\u00ed, arcaico y arriesgado, estamos de acuerdo\u00bb.<\/strong><\/em><\/span><\/p><p>Si nadie resulta herido y el equipo no se cae, las piezas se reinstalan minuciosamente una a la vez. Un RackLift elimina este ritual innecesario que requiere mucho tiempo. En lugar de cuatro t\u00e9cnicos en riesgo, una sola persona puede hacer todo el trabajo de manera segura en la mitad del tiempo.<\/p><p>Desde 2005, suministramos soluciones m\u00e1s seguras y r\u00e1pidas a los centros de datos modernos de todo el mundo. Construimos herramientas ideales para la reubicaci\u00f3n y el mantenimiento del centro de datos.<\/p>\t\t\t\t\t\t\t\t<\/div>\n\t\t\t\t<\/div>\n\t\t\t\t\t<\/div>\n\t\t<\/div>\n\t\t\t\t<div class=\"elementor-column elementor-col-50 elementor-top-column elementor-element elementor-element-7dc8637c\" data-id=\"7dc8637c\" data-element_type=\"column\">\n\t\t\t<div class=\"elementor-widget-wrap elementor-element-populated\">\n\t\t\t\t\t\t<div class=\"elementor-element elementor-element-20482128 elementor-widget elementor-widget-image\" data-id=\"20482128\" data-element_type=\"widget\" data-widget_type=\"image.default\">\n\t\t\t\t<div class=\"elementor-widget-container\">\n\t\t\t\t\t\t\t\t\t\t\t\t\t\t\t<img fetchpriority=\"high\" decoding=\"async\" width=\"408\" height=\"550\" src=\"https:\/\/igcitsolution.com\/wp-content\/uploads\/2022\/05\/RL5000-cutout.png\" class=\"attachment-2048x2048 size-2048x2048 wp-image-457\" alt=\"\" srcset=\"https:\/\/igcitsolution.com\/wp-content\/uploads\/2022\/05\/RL5000-cutout.png 408w, https:\/\/igcitsolution.com\/wp-content\/uploads\/2022\/05\/RL5000-cutout-223x300.png 223w\" sizes=\"(max-width: 408px) 100vw, 408px\" \/>\t\t\t\t\t\t\t\t\t\t\t\t\t\t\t<\/div>\n\t\t\t\t<\/div>\n\t\t\t\t\t<\/div>\n\t\t<\/div>\n\t\t\t\t\t<\/div>\n\t\t<\/section>\n\t\t\t\t<section class=\"elementor-section elementor-top-section elementor-element elementor-element-501c556 elementor-section-content-middle elementor-section-stretched elementor-section-boxed elementor-section-height-default elementor-section-height-default\" data-id=\"501c556\" data-element_type=\"section\" data-settings=\"{&quot;background_background&quot;:&quot;classic&quot;,&quot;stretch_section&quot;:&quot;section-stretched&quot;}\">\n\t\t\t\t\t\t\t<div class=\"elementor-background-overlay\"><\/div>\n\t\t\t\t\t\t\t<div class=\"elementor-container elementor-column-gap-no\">\n\t\t\t\t\t<div class=\"elementor-column elementor-col-100 elementor-top-column elementor-element elementor-element-339a5cfe\" data-id=\"339a5cfe\" data-element_type=\"column\">\n\t\t\t<div class=\"elementor-widget-wrap elementor-element-populated\">\n\t\t\t\t\t\t<div class=\"elementor-element elementor-element-5be7a5af elementor-widget elementor-widget-spacer\" data-id=\"5be7a5af\" data-element_type=\"widget\" data-widget_type=\"spacer.default\">\n\t\t\t\t<div class=\"elementor-widget-container\">\n\t\t\t\t\t\t\t<div class=\"elementor-spacer\">\n\t\t\t<div class=\"elementor-spacer-inner\"><\/div>\n\t\t<\/div>\n\t\t\t\t\t\t<\/div>\n\t\t\t\t<\/div>\n\t\t\t\t\t<\/div>\n\t\t<\/div>\n\t\t\t\t\t<\/div>\n\t\t<\/section>\n\t\t\t\t<section class=\"elementor-section elementor-top-section elementor-element elementor-element-b249d1f elementor-section-boxed elementor-section-height-default elementor-section-height-default\" data-id=\"b249d1f\" data-element_type=\"section\">\n\t\t\t\t\t\t<div class=\"elementor-container elementor-column-gap-default\">\n\t\t\t\t\t<div class=\"elementor-column elementor-col-100 elementor-top-column elementor-element elementor-element-6b3ea0d\" data-id=\"6b3ea0d\" data-element_type=\"column\">\n\t\t\t<div class=\"elementor-widget-wrap elementor-element-populated\">\n\t\t\t\t\t\t<div class=\"elementor-element elementor-element-5321a99 elementor-widget elementor-widget-heading\" data-id=\"5321a99\" data-element_type=\"widget\" data-widget_type=\"heading.default\">\n\t\t\t\t<div class=\"elementor-widget-container\">\n\t\t\t\t\t<h2 class=\"elementor-heading-title elementor-size-default\">Modelos<\/h2>\t\t\t\t<\/div>\n\t\t\t\t<\/div>\n\t\t\t\t\t<\/div>\n\t\t<\/div>\n\t\t\t\t\t<\/div>\n\t\t<\/section>\n\t\t\t\t<section class=\"elementor-section elementor-top-section elementor-element elementor-element-0548de9 elementor-section-boxed elementor-section-height-default elementor-section-height-default\" data-id=\"0548de9\" data-element_type=\"section\">\n\t\t\t\t\t\t<div class=\"elementor-container elementor-column-gap-default\">\n\t\t\t\t\t<div class=\"elementor-column elementor-col-50 elementor-top-column elementor-element elementor-element-2f02288\" data-id=\"2f02288\" data-element_type=\"column\">\n\t\t\t<div class=\"elementor-widget-wrap elementor-element-populated\">\n\t\t\t\t\t\t<div class=\"elementor-element elementor-element-783a0f7 elementor-widget elementor-widget-heading\" data-id=\"783a0f7\" data-element_type=\"widget\" data-widget_type=\"heading.default\">\n\t\t\t\t<div class=\"elementor-widget-container\">\n\t\t\t\t\t<h2 class=\"elementor-heading-title elementor-size-default\">RACKLIFT\u2122 RL3500S<\/h2>\t\t\t\t<\/div>\n\t\t\t\t<\/div>\n\t\t\t\t<div class=\"elementor-element elementor-element-49516b2 elementor-widget elementor-widget-image\" data-id=\"49516b2\" data-element_type=\"widget\" data-widget_type=\"image.default\">\n\t\t\t\t<div class=\"elementor-widget-container\">\n\t\t\t\t\t\t\t\t\t\t\t\t\t\t\t<img decoding=\"async\" width=\"923\" height=\"905\" src=\"https:\/\/igcitsolution.com\/wp-content\/uploads\/2022\/05\/RackLift-RL3500S_cabinet_lifter-1030x1010-1-1024x1004.jpg\" class=\"attachment-large size-large wp-image-460\" alt=\"\" srcset=\"https:\/\/igcitsolution.com\/wp-content\/uploads\/2022\/05\/RackLift-RL3500S_cabinet_lifter-1030x1010-1-1024x1004.jpg 1024w, https:\/\/igcitsolution.com\/wp-content\/uploads\/2022\/05\/RackLift-RL3500S_cabinet_lifter-1030x1010-1-300x294.jpg 300w, https:\/\/igcitsolution.com\/wp-content\/uploads\/2022\/05\/RackLift-RL3500S_cabinet_lifter-1030x1010-1-768x753.jpg 768w, https:\/\/igcitsolution.com\/wp-content\/uploads\/2022\/05\/RackLift-RL3500S_cabinet_lifter-1030x1010-1.jpg 1030w\" sizes=\"(max-width: 923px) 100vw, 923px\" \/>\t\t\t\t\t\t\t\t\t\t\t\t\t\t\t<\/div>\n\t\t\t\t<\/div>\n\t\t\t\t<div class=\"elementor-element elementor-element-42c2309 elementor-widget elementor-widget-text-editor\" data-id=\"42c2309\" data-element_type=\"widget\" data-widget_type=\"text-editor.default\">\n\t\t\t\t<div class=\"elementor-widget-container\">\n\t\t\t\t\t\t\t\t\t<p>El <span style=\"color: #284d85;\"><strong>RL3500S<\/strong><\/span> es un elevador manual dise\u00f1ado para levantar y transportar un gabinete completamente cargado de hasta 5000 lb.<\/p><p>Con este transportador de rack, un t\u00e9cnico puede mover f\u00e1cilmente un gabinete de servidor de una ubicaci\u00f3n a otra.<\/p><p>Al mover un gabinete completamente cargado, su centro de datos ahorrar\u00e1 el tiempo que normalmente se desperdicia desinstalando y reinstalando dispositivos solo para reubicar el gabinete.<span style=\"letter-spacing: 0px;\">.<\/span><\/p>\t\t\t\t\t\t\t\t<\/div>\n\t\t\t\t<\/div>\n\t\t\t\t\t<\/div>\n\t\t<\/div>\n\t\t\t\t<div class=\"elementor-column elementor-col-50 elementor-top-column elementor-element elementor-element-e066119\" data-id=\"e066119\" data-element_type=\"column\">\n\t\t\t<div class=\"elementor-widget-wrap elementor-element-populated\">\n\t\t\t\t\t\t<div class=\"elementor-element elementor-element-f4bcb88 elementor-widget elementor-widget-heading\" data-id=\"f4bcb88\" data-element_type=\"widget\" data-widget_type=\"heading.default\">\n\t\t\t\t<div class=\"elementor-widget-container\">\n\t\t\t\t\t<h2 class=\"elementor-heading-title elementor-size-default\">RACKLIFT\u2122 RL5000S<\/h2>\t\t\t\t<\/div>\n\t\t\t\t<\/div>\n\t\t\t\t<div class=\"elementor-element elementor-element-a5cd7cc elementor-widget elementor-widget-image\" data-id=\"a5cd7cc\" data-element_type=\"widget\" data-widget_type=\"image.default\">\n\t\t\t\t<div class=\"elementor-widget-container\">\n\t\t\t\t\t\t\t\t\t\t\t\t\t\t\t<img decoding=\"async\" width=\"923\" height=\"944\" src=\"https:\/\/igcitsolution.com\/wp-content\/uploads\/2022\/05\/RackLift_RL5000S_Cabinet_Lifter-1001x1024.jpg\" class=\"attachment-large size-large wp-image-461\" alt=\"\" srcset=\"https:\/\/igcitsolution.com\/wp-content\/uploads\/2022\/05\/RackLift_RL5000S_Cabinet_Lifter-1001x1024.jpg 1001w, https:\/\/igcitsolution.com\/wp-content\/uploads\/2022\/05\/RackLift_RL5000S_Cabinet_Lifter-293x300.jpg 293w, https:\/\/igcitsolution.com\/wp-content\/uploads\/2022\/05\/RackLift_RL5000S_Cabinet_Lifter-768x786.jpg 768w, https:\/\/igcitsolution.com\/wp-content\/uploads\/2022\/05\/RackLift_RL5000S_Cabinet_Lifter.jpg 1200w\" sizes=\"(max-width: 923px) 100vw, 923px\" \/>\t\t\t\t\t\t\t\t\t\t\t\t\t\t\t<\/div>\n\t\t\t\t<\/div>\n\t\t\t\t<div class=\"elementor-element elementor-element-425ae80 elementor-widget elementor-widget-text-editor\" data-id=\"425ae80\" data-element_type=\"widget\" data-widget_type=\"text-editor.default\">\n\t\t\t\t<div class=\"elementor-widget-container\">\n\t\t\t\t\t\t\t\t\t<p><span style=\"color: #284d85;\"><strong>El RackLift RL5000S<\/strong><\/span> de precisi\u00f3n alimentado por bater\u00eda est\u00e1 dise\u00f1ado para levantar y mover un gabinete completamente cargado con un peso de hasta 5,000 libras.<\/p><p>Con este transportador de racks de servidores, un t\u00e9cnico puede mover un gabinete de servidor completamente cargado de una ubicaci\u00f3n a otra. El levantamiento se logra con el toque de un bot\u00f3n. El gabinete se puede levantar hasta 13 pulgadas\/ 28 cm del piso y se puede personalizar para levantar 30\u2033. Esto facilita la elevaci\u00f3n de cargas desde un palet a un \u00e1rea de trabajo.<\/p>\t\t\t\t\t\t\t\t<\/div>\n\t\t\t\t<\/div>\n\t\t\t\t\t<\/div>\n\t\t<\/div>\n\t\t\t\t\t<\/div>\n\t\t<\/section>\n\t\t\t\t<section class=\"elementor-section elementor-top-section elementor-element elementor-element-3ce55dc7 elementor-section-content-middle elementor-section-stretched elementor-section-boxed elementor-section-height-default elementor-section-height-default\" data-id=\"3ce55dc7\" data-element_type=\"section\" data-settings=\"{&quot;background_background&quot;:&quot;classic&quot;,&quot;shape_divider_top&quot;:&quot;clouds&quot;,&quot;stretch_section&quot;:&quot;section-stretched&quot;}\">\n\t\t\t\t\t<div class=\"elementor-shape elementor-shape-top\" aria-hidden=\"true\" data-negative=\"false\">\n\t\t\t<svg xmlns=\"http:\/\/www.w3.org\/2000\/svg\" viewbox=\"0 0 283.5 27.8\" preserveaspectratio=\"xMidYMax slice\">\n  <path class=\"elementor-shape-fill\" d=\"M0 0v6.7c1.9-.8 4.7-1.4 8.5-1 9.5 1.1 11.1 6 11.1 6s2.1-.7 4.3-.2c2.1.5 2.8 2.6 2.8 2.6s.2-.5 1.4-.7c1.2-.2 1.7.2 1.7.2s0-2.1 1.9-2.8c1.9-.7 3.6.7 3.6.7s.7-2.9 3.1-4.1 4.7 0 4.7 0 1.2-.5 2.4 0 1.7 1.4 1.7 1.4h1.4c.7 0 1.2.7 1.2.7s.8-1.8 4-2.2c3.5-.4 5.3 2.4 6.2 4.4.4-.4 1-.7 1.8-.9 2.8-.7 4 .7 4 .7s1.7-5 11.1-6c9.5-1.1 12.3 3.9 12.3 3.9s1.2-4.8 5.7-5.7c4.5-.9 6.8 1.8 6.8 1.8s.6-.6 1.5-.9c.9-.2 1.9-.2 1.9-.2s5.2-6.4 12.6-3.3c7.3 3.1 4.7 9 4.7 9s1.9-.9 4 0 2.8 2.4 2.8 2.4 1.9-1.2 4.5-1.2 4.3 1.2 4.3 1.2.2-1 1.4-1.7 2.1-.7 2.1-.7-.5-3.1 2.1-5.5 5.7-1.4 5.7-1.4 1.5-2.3 4.2-1.1c2.7 1.2 1.7 5.2 1.7 5.2s.3-.1 1.3.5c.5.4.8.8.9 1.1.5-1.4 2.4-5.8 8.4-4 7.1 2.1 3.5 8.9 3.5 8.9s.8-.4 2 0 1.1 1.1 1.1 1.1 1.1-1.1 2.3-1.1 2.1.5 2.1.5 1.9-3.6 6.2-1.2 1.9 6.4 1.9 6.4 2.6-2.4 7.4 0c3.4 1.7 3.9 4.9 3.9 4.9s3.3-6.9 10.4-7.9 11.5 2.6 11.5 2.6.8 0 1.2.2c.4.2.9.9.9.9s4.4-3.1 8.3.2c1.9 1.7 1.5 5 1.5 5s.3-1.1 1.6-1.4c1.3-.3 2.3.2 2.3.2s-.1-1.2.5-1.9 1.9-.9 1.9-.9-4.7-9.3 4.4-13.4c5.6-2.5 9.2.9 9.2.9s5-6.2 15.9-6.2 16.1 8.1 16.1 8.1.7-.2 1.6-.4V0H0z\"\/>\n<\/svg>\n\t\t<\/div>\n\t\t\t\t\t<div class=\"elementor-container elementor-column-gap-no\">\n\t\t\t\t\t<div class=\"elementor-column elementor-col-100 elementor-top-column elementor-element elementor-element-20533c2d\" data-id=\"20533c2d\" data-element_type=\"column\">\n\t\t\t<div class=\"elementor-widget-wrap elementor-element-populated\">\n\t\t\t\t\t\t<div class=\"elementor-element elementor-element-76963af0 text-left elementor-widget elementor-widget-advanced-text-block\" data-id=\"76963af0\" data-element_type=\"widget\" data-widget_type=\"advanced-text-block.default\">\n\t\t\t\t<div class=\"elementor-widget-container\">\n\t\t\t\t\t<div class=\"futurio_extra_adv_text_block animate-general\"  data-animate-type=\"transition.fadeIn\" data-animate-delay=\"50\"><h4 class=\"text-content-block\"><p>Contact<\/p><\/div><\/h4>\t\t\t\t<\/div>\n\t\t\t\t<\/div>\n\t\t\t\t<div class=\"elementor-element elementor-element-28522bcd text-left elementor-widget elementor-widget-advanced-text-block\" data-id=\"28522bcd\" data-element_type=\"widget\" data-widget_type=\"advanced-text-block.default\">\n\t\t\t\t<div class=\"elementor-widget-container\">\n\t\t\t\t\t<div class=\"futurio_extra_adv_text_block\" ><h2 class=\"text-content-block\"><p>For any inquiry<\/p><\/div><\/h2>\t\t\t\t<\/div>\n\t\t\t\t<\/div>\n\t\t\t\t<div class=\"elementor-element elementor-element-66358acc elementor-widget elementor-widget-heading\" data-id=\"66358acc\" data-element_type=\"widget\" data-widget_type=\"heading.default\">\n\t\t\t\t<div class=\"elementor-widget-container\">\n\t\t\t\t\t<h4 class=\"elementor-heading-title elementor-size-default\">comercial@igcitsolution.com<\/h4>\t\t\t\t<\/div>\n\t\t\t\t<\/div>\n\t\t\t\t\t<\/div>\n\t\t<\/div>\n\t\t\t\t\t<\/div>\n\t\t<\/section>\n\t\t\t\t<\/div>","protected":false},"excerpt":{"rendered":"<p>ELEVADORES PARA RACKS MOVILIZA DE MANERA SEGURA TUS ACTIVOS Reduce el riesgo\u00a0 \u2022\u00a0 Mejora la Productividad\u00a0 \u2022\u00a0 Menor costo\u00a0 Deslice el servidor en el lugar Fabricamos equipos de elevaci\u00f3n de interruptores para instalar dispositivos pesados en gabinetes.\u00a0 Tambi\u00e9n construimos transportadores de racks de servidores para reubicar gabinetes completamente cargados. Nuestros productos hacen que trabajar en&hellip;<\/p>","protected":false},"author":1,"featured_media":0,"parent":0,"menu_order":0,"comment_status":"closed","ping_status":"closed","template":"","meta":{"footnotes":""},"class_list":["post-454","page","type-page","status-publish","hentry"],"_links":{"self":[{"href":"https:\/\/igcitsolution.com\/en\/wp-json\/wp\/v2\/pages\/454","targetHints":{"allow":["GET"]}}],"collection":[{"href":"https:\/\/igcitsolution.com\/en\/wp-json\/wp\/v2\/pages"}],"about":[{"href":"https:\/\/igcitsolution.com\/en\/wp-json\/wp\/v2\/types\/page"}],"author":[{"embeddable":true,"href":"https:\/\/igcitsolution.com\/en\/wp-json\/wp\/v2\/users\/1"}],"replies":[{"embeddable":true,"href":"https:\/\/igcitsolution.com\/en\/wp-json\/wp\/v2\/comments?post=454"}],"version-history":[{"count":7,"href":"https:\/\/igcitsolution.com\/en\/wp-json\/wp\/v2\/pages\/454\/revisions"}],"predecessor-version":[{"id":469,"href":"https:\/\/igcitsolution.com\/en\/wp-json\/wp\/v2\/pages\/454\/revisions\/469"}],"wp:attachment":[{"href":"https:\/\/igcitsolution.com\/en\/wp-json\/wp\/v2\/media?parent=454"}],"curies":[{"name":"wp","href":"https:\/\/api.w.org\/{rel}","templated":true}]}}